{"id":51,"date":"2022-12-26T17:57:45","date_gmt":"2022-12-26T16:57:45","guid":{"rendered":"https:\/\/jazzverband-hessen.de\/?page_id=51"},"modified":"2025-10-10T13:54:58","modified_gmt":"2025-10-10T12:54:58","slug":"jazz-lernen-in-hessen","status":"publish","type":"page","link":"https:\/\/jazzverband-hessen.de\/index.php\/jazz-lernen-in-hessen\/","title":{"rendered":"Jazz lernen in Hessen"},"content":{"rendered":"\n<p>Der <a href=\"https:\/\/www.jazzinstitut.de\/wegweiser-jazz-3\/\" target=\"_blank\" rel=\"noreferrer noopener\">Wegweiser Jazz des Jazzinstitut Darmstadt<\/a> verzeichnet die unterschiedlichen Akteurinnen und Akteure der Jazzszene \u2013\u00a0also Musiker*innen, Veranstalter*innen, Journalist*innen, Forscher*innen, Labels und Ausbildungsst\u00e4tten des Jazz.<br>Bitte nutzen Sie die erweiterte Suche, um Ihre Suche auf bestimmte Kategorien (also z. B. \u201eAusbildung\u201c und \u201eHessen\u201c) einzuschr\u00e4nken.<\/p>\n\n\n\n<p><em><strong>Folgende hessischen Bildungsst\u00e4tten bereiten mit einem Bildungsabschluss auf den Beruf des Jazzmusikers oder der Jazzmusikerin vor: <\/strong><\/em><\/p>\n\n\n\n<h4 class=\"wp-block-heading\"><a rel=\"noreferrer noopener\" href=\"https:\/\/www.hfmdk-frankfurt.de\" target=\"_blank\">Hochschule f\u00fcr Musik und Darstellende Kunst, Frankfurt<\/a><\/h4>\n\n\n\n<p>Seit 2021 bietet die <strong>HfMDK Frankfurt<\/strong> den in Deutschland einzigartigen Masterstudiengang <a rel=\"noreferrer noopener\" href=\"https:\/\/www.hfmdk-frankfurt.de\/studiengang\/ma-bigband-spielen-schreiben-leiten\" target=\"_blank\">Bigband \u2013&nbsp;Spielen, Schreiben, Leiten<\/a> an:<\/p>\n\n\n\n<blockquote class=\"wp-block-quote is-layout-flow wp-block-quote-is-layout-flow\">\n<p>Zentrales Element des Studiengangs ist die enge und einzigartige Kooperation mit der <a href=\"https:\/\/www.hr-bigband.de\/index.html\" target=\"_blank\" rel=\"noreferrer noopener\">hr-Bigband &#8211; Frankfurt Radio Big Band<\/a>, die zu den international f\u00fchrenden Ensembles ihrer Art z\u00e4hlt.<\/p>\n\n\n\n<p>Die Studierenden w\u00e4hlen einen der Schwerpunkte Spielen, Schreiben oder Leiten, erhalten aber Unterricht in allen drei Bereichen, u.a. von Mitgliedern der hr-Bigband. Erg\u00e4nzend erhalten sie Unterricht bei K\u00fcnstler*innen der nationalen und internationalen Szene, die sie in Absprache mit der Studiengangsleitung frei w\u00e4hlen k\u00f6nnen. Hinzu kommen weitere spannende Workshops, Exkursionen, Hospitationen, Seminare, Projekte und Produktionen, u.a. mit der hr-Bigband.<\/p>\n\n\n\n<p>Entsprechend ihres pers\u00f6nlichen Profils k\u00f6nnen die Studierenden Erfahrung in interdisziplin\u00e4ren Ensembles im Bereich aktueller Musik unterschiedlicher Genres sowie in der Leitung von Nachwuchsensembles, beispielsweise Landesjugendjazzorchestern sowie Schul- und Musikschulensembles sammeln und werden bei der Planung und Umsetzung ihrer eigenen k\u00fcnstlerischen Projekte individuell unterst\u00fctzt und gef\u00f6rdert.<\/p>\n\n\n\n<p>Der Masterstudiengang Bigband &#8211; Spielen, Schreiben, Leiten richtet sich an Musiker*innen, die bereits einen berufsqualifizierenden Hochschulabschluss (z.B. Bachelor, Erste Staatspr\u00fcfung) erworben haben. Bewerber*innen w\u00e4hlen einen der drei Studienschwerpunkte Spielen, Schreiben oder Leiten.<\/p>\n\n\n\n<p>Die f\u00fcr die Aufnahme des Studiums notwendigen Kompetenzen m\u00fcssen in einer auf diese Studienschwerpunkte abgestimmten Eignungspr\u00fcfung nachgewiesen werden. Spieler*innen verf\u00fcgen \u00fcber sehr gute F\u00e4higkeiten auf ihrem Instrument, sowohl als Solist*innen als auch im Satzspiel. Schreiber*innen haben sehr gute Kompetenzen auf den Gebieten Arrangement und\/oder Komposition, und Leiter*innen bereits Leitungserfahrung in der k\u00fcnstlerischen und p\u00e4dagogischen Arbeit mit genretypischen Ensembles.<\/p>\n<cite>Quelle: HfMDK Frankfurt<\/cite><\/blockquote>\n\n\n\n<p><em>Vier Semester Regelstudienzeit, Studienbeginn zum Wintersemester, Abschluss: Master of Music (M.Mus.)<\/em><\/p>\n\n\n\n<h4 class=\"wp-block-heading\"><a href=\"https:\/\/www.fmw.de\" target=\"_blank\" rel=\"noreferrer noopener\">Frankfurter Musikwerkstatt<\/a><\/h4>\n\n\n\n<blockquote class=\"wp-block-quote is-layout-flow wp-block-quote-is-layout-flow\">\n<p>Die 1984 von engagierten Jazzmusikern und P\u00e4dagogen gegr\u00fcndete FMW Frankfurter Musikwerkstatt hat sich als berufsbildende Privatinstitution fest etabliert und pr\u00e4gt die Jazz- und Musikszene im Rhein-Main-Gebiet in hohem Ma\u00dfe mit. Basis dieser erfolgreichen Entwicklung war und ist ein schl\u00fcssiges Ausbildungskonzept und der engagierte Einsatz eines langj\u00e4hrigen Dozententeams, das sich aus erfahrenen, hochqualifizierten Berufsmusikern und Musikp\u00e4dagogen zusammensetzt.<\/p>\n\n\n\n<p>Grundlage der Ausbildung sind Lehrplan und Pr\u00fcfungsordnung der Hochschulen des Landes Hessen. Das Studium entspricht fachinhaltlich und p\u00e4dagogisch der Ausbildung an Musikhochschulen und Konservatorien in Deutschland. Das Studium an der FMW kann zum Sommer- oder Wintersemester begonnen werden.<\/p>\n<cite>Quelle: FMW Frankfurt<\/cite><\/blockquote>\n\n\n\n<p><em>Staatlich anerkannte Musikakademie f\u00fcr Jazz und Popularmusik,<br>Allgemein Musikschule, Vorstudium sowie Studiengang (8 Semester) mit Abschluss \u201eStaatlich anerkannter Berufsmusiker*in und Instrumentalp\u00e4dagog*in f\u00fcr Jazz und Popularmusik\u201c<\/em><\/p>\n\n\n\n<h4 class=\"wp-block-heading\"><a href=\"https:\/\/www.dr-hochs.de\/de\/content\/abteilung-fuer-jazz-und-popularmusik\" target=\"_blank\" rel=\"noreferrer noopener\">Dr. Hoch\u2019s Konservatorium, Frankfurt<\/a><\/h4>\n\n\n\n<blockquote class=\"wp-block-quote is-layout-flow wp-block-quote-is-layout-flow\">\n<p>Dr. Hoch\u2019s Konservatorium \u2013 Musikakademie Frankfurt am Main&nbsp;ist ein staatlich anerkanntes Ausbildungsinstitut mit langer Tradition. 1878 als Stiftung des Frankfurter B\u00fcrgers Dr. Joseph Hoch gegr\u00fcndet, vereint es unter seinem Dach heute die musikalische Ausbildung von der musikalischen Fr\u00fchf\u00f6rderung bis hin zum akademischen Abschluss \u201eBachelor of Music\u201c. Zu den zahlreichen bedeutenden Musikerpers\u00f6nlichkeiten, deren Name mit dem Dr. Hoch&#8217;s Konservatorium verbunden sind, z\u00e4hlen u. a. Paul Hindemith, Engelbert Humperdinck, Otto Klemperer und Clara Schumann.<\/p>\n<cite>Quelle: Dr. Hoch\u2019s<\/cite><\/blockquote>\n\n\n\n<p><strong>Dr. Hoch\u2019s Konservatorium<\/strong> \u2013 ein Jazzort mit Tradition: Der aus Ungarn stammende M\u00e1ty\u00e1s Seiber leitete bereits ab 1928 an Dr. Hoch\u2019s Konservatorium eine Jazzklasse \u2013&nbsp;die erste ihrer Art weltweit. Im Wintersemester 1928\/29 waren 19 Studenten eingeschrieben, mit denen er am 3. M\u00e4rz 1929 ein \u00f6ffentliches Konzert gab, das von Radio Frankfurt (das 1924 seinen Sendebetrieb aufgenommen hatte) \u00fcbertragen wurde. Ein weiteres Konzert 1929 wurde auch von anderen Sendern im Reichsgebiet \u00fcbernommen. Seiber war daneben auch als Musiker im Schauspielhaus Frankfurt t\u00e4tig, wo er die Jazz-Operette Jim und Jill bearbeitete und dirigierte. 1933 wurde die Jazzklasse geschlossen.<\/p>\n\n\n\n<p><em>Abteilung f\u00fcr Jazz und Popularmusik; Pre-College und Studiengang Musik \u2013 k\u00fcnstlerisch-p\u00e4dagogische Ausrichtung (Bachelor of Music), Ausbilungsbeginn zum Wintersemester, Abschluss: Bachelor of Music<\/em><\/p>\n\n\n\n<hr class=\"wp-block-separator has-alpha-channel-opacity\"\/>\n\n\n\n<p><\/p>\n\n\n\n<p><em><strong>Neben Musikschulen, Akademien und Hochschulen sorgen auch verschiedene Programme f\u00fcr Jazznachwuchs in Hessen: <\/strong><\/em><\/p>\n\n\n\n<h4 class=\"wp-block-heading\"><a href=\"https:\/\/www.landesmusikrat-hessen.de\/projekte\/jugend-jazzt\" target=\"_blank\" rel=\"noreferrer noopener\">Jugend Jazzt Hessen<\/a><\/h4>\n\n\n\n<blockquote class=\"wp-block-quote is-layout-flow wp-block-quote-is-layout-flow\">\n<p><strong>Jugend jazzt in Hessen<\/strong> ist ein seit 1991 j\u00e4hrlich durchgef\u00fchrter Wettbewerb, in dessen Rahmen junge Musiker*innen sich untereinander austauschen und gro\u00dfen Musikern, P\u00e4dagogen und Journalisten der Jazzszene begegnen. Gegr\u00fcndet wurde der Hessische Landeswettbewerb durch Wolfgang Diefenbach, den Bandleader des \u201eLandesjugend Jazzorchesters Hessen\u201c; Die Tr\u00e4gerschaft hat der Landesmusikrat Hessen e. V. <br>Der Landeswettbewerb findet jeweils im Wechsel der Sparten \u201eSolo-Combo\u201d und \u201eBig Band\u201d statt und wird alle 2 Jahre durch \u201eCompositions &amp; Band Conceptions\u201c erg\u00e4nzt. Neben den Wettbewerben steht \u201eJugend jazzt\u201d auch f\u00fcr unterschiedliche Anschluss-F\u00f6rderma\u00dfnahmen, wie etwa Workshops mit international renommierten Dozenten.<\/p>\n<cite>Quelle: Landesmusikrat Hessen<\/cite><\/blockquote>\n\n\n\n<h4 class=\"wp-block-heading\"><a rel=\"noreferrer noopener\" href=\"https:\/\/ljjoh.de\" target=\"_blank\">Landesjugenjazzorchester Hessen<\/a><\/h4>\n\n\n\n<blockquote class=\"wp-block-quote is-layout-flow wp-block-quote-is-layout-flow\">\n<p>Das <strong>Landesjugendjazzorchester Hessen<\/strong> ist ein Auswahlensemble, in dem die talentiertesten Jazzmusikerinnen und -musiker aus ganz Hessen gemeinsam Big-Band Jazz spielen. Das LJJO Hessen wurde 1985 von Wolfgang Diefenbach als Bildungsma\u00dfnahme gegr\u00fcndet. Heute besteht es aus vier Formationen: den Kicks &amp; Sticks und Kicks &amp; Sticks Voices und den Nachwuchsensembles Junior-Band und Junior-Voices. Insgesamt hat das LJJO damit rund 70 Mitglieder. Ziel des LJJOs ist es, hochbegabten Nachwuchsmusikerinnen und -musikern eine professionelle Big Band-Ausbildung auf h\u00f6chstem Niveau zu erm\u00f6glichen. <\/p>\n\n\n\n<p>Das Orchester veranstaltet j\u00e4hrlich zwei Arbeitsphasen, zu denen alle vier Ensembles f\u00fcr intensive Proben mit namhaften Dozentinnen und Dozenten und ein Abschlusskonzert zusammenkommen. Die Bands spielen aktuell in der Standard Big-Band Besetzung mit f\u00fcnf Saxofonen, vier Trompeten, vier Posaunen und f\u00fcnf Mitgliedern in der Rhythmusgruppe.<\/p>\n\n\n\n<p>Die <strong>Junior-Band<\/strong> wurde 2007 neu gegr\u00fcndet und wird vom ehemaligen LJJO Mitglied Dr. Holger Fr\u00f6hlich geleitet. Die Mitglieder sind ungef\u00e4hr im Alter von 12-18 Jahren. Viele Mitglieder aus der Junior-Band steigen fr\u00fcher oder sp\u00e4ter in die Kicks &amp; Sticks Band auf. Die Junior-Band nimmt regelm\u00e4\u00dfig an Fortbildungsma\u00dfnahmen wie dem Bandleader Workshop und dem Pop- und Jazz-Camp der Landesmusikakademie Hessen teil.<\/p>\n\n\n\n<p>Die <strong>Junior-Voices<\/strong> wurden 2011 auf Augenh\u00f6he der Junior-Band gegr\u00fcndet. Bereits in ihrem jugendlichen Alter meistern sie St\u00fccke von professionellem Schwierigkeitsgrad und stellen eine Seltenheit in der deutschen Jugend-Jazz-Szene dar.<\/p>\n<cite>Quelle: Landesjugendjazzorchester Hessen<\/cite><\/blockquote>\n\n\n\n<p>Das Landesjugendjazzorchester Hessen wird als Teil der <a href=\"https:\/\/junge-musik-hessen.de\" target=\"_blank\" rel=\"noreferrer noopener\">Junge Musik Hessen gGmbH<\/a> institutionell vom <a href=\"https:\/\/wissenschaft.hessen.de\/kultur-erleben\" target=\"_blank\" rel=\"noreferrer noopener\">Hessischen Ministerium f\u00fcr Wissenschaft und Kunst<\/a> gef\u00f6rdert.<\/p>\n\n\n\n<h4 class=\"wp-block-heading\"><a rel=\"noreferrer noopener\" href=\"https:\/\/www.schuljazz-frankfurt.de\" target=\"_blank\">Jazz und improvisierte Musik in die Schule<\/a>! (Frankfurt)<\/h4>\n\n\n\n<blockquote class=\"wp-block-quote is-layout-flow wp-block-quote-is-layout-flow\">\n<p>Das Programm \u201eJazz und Improvisierte Musik in die Schule!\u201c hat das Ziel, die Jazzvermittlung an Frankfurter Sch\u00fcler zu unterst\u00fctzen. Mit interaktiven Mitmachkonzerten f\u00fcr Kinder und Jugendliche, mit Sch\u00fcler-Jamsessions und einem Sch\u00fcler-Jazzfestival f\u00fchrt das Programm junge Menschen als Musiker und H\u00f6rer aktiv an den Jazz heran. Die Musiklehrkr\u00e4fte der teilnehmenden Sch\u00fclergruppen werden durch begleitende Schulungen, Fortbildungsangebote und vertiefende Coachings praxisnah in der p\u00e4dagogischen Arbeit unterst\u00fctzt. Schulen mit besonderen Jazzaktivit\u00e4ten k\u00f6nnen sich f\u00fcr das Siegel \u201eJazz-Aktiv-Schule\u201c bewerben.<\/p>\n\n\n\n<p>Erm\u00f6glicht wird das Programm seit 2011 durch die <a href=\"https:\/\/sptg.de\" target=\"_blank\" rel=\"noreferrer noopener\">Stiftung Polytechnische Gesellschaft<\/a> Frankfurt am Main. F\u00fcr die Entwicklung und Umsetzung der Programmangebote ist die Musikschule Frankfurt als Tr\u00e4ger des Projekts verantwortlich. Dem Projektb\u00fcro steht ein Fachbeirat zu Seite. Der Beirat setzt sich aus Vertretern der Institute zur Jazzvermittlung und Vertretern der Jazzszene zusammen.<\/p>\n<cite>Quelle: JIMS<\/cite><\/blockquote>\n","protected":false},"excerpt":{"rendered":"<p>Der Wegweiser Jazz des Jazzinstitut Darmstadt verzeichnet die unterschiedlichen Akteurinnen und Akteure der Jazzszene \u2013\u00a0also Musiker*innen, Veranstalter*innen, Journalist*innen, Forscher*innen, Labels und Ausbildungsst\u00e4tten des Jazz.Bitte nutzen Sie die erweiterte Suche, um Ihre Suche auf bestimmte Kategorien (also z. B. \u201eAusbildung\u201c und \u201eHessen\u201c) einzuschr\u00e4nken. Folgende hessischen Bildungsst\u00e4tten bereiten mit einem Bildungsabschluss auf den Beruf des Jazzmusikers oder [&hellip;]<\/p>\n","protected":false},"author":2,"featured_media":0,"parent":0,"menu_order":0,"comment_status":"closed","ping_status":"closed","template":"","meta":{"footnotes":""},"class_list":["post-51","page","type-page","status-publish","hentry"],"_links":{"self":[{"href":"https:\/\/jazzverband-hessen.de\/index.php\/wp-json\/wp\/v2\/pages\/51","targetHints":{"allow":["GET"]}}],"collection":[{"href":"https:\/\/jazzverband-hessen.de\/index.php\/wp-json\/wp\/v2\/pages"}],"about":[{"href":"https:\/\/jazzverband-hessen.de\/index.php\/wp-json\/wp\/v2\/types\/page"}],"author":[{"embeddable":true,"href":"https:\/\/jazzverband-hessen.de\/index.php\/wp-json\/wp\/v2\/users\/2"}],"replies":[{"embeddable":true,"href":"https:\/\/jazzverband-hessen.de\/index.php\/wp-json\/wp\/v2\/comments?post=51"}],"version-history":[{"count":12,"href":"https:\/\/jazzverband-hessen.de\/index.php\/wp-json\/wp\/v2\/pages\/51\/revisions"}],"predecessor-version":[{"id":203,"href":"https:\/\/jazzverband-hessen.de\/index.php\/wp-json\/wp\/v2\/pages\/51\/revisions\/203"}],"wp:attachment":[{"href":"https:\/\/jazzverband-hessen.de\/index.php\/wp-json\/wp\/v2\/media?parent=51"}],"curies":[{"name":"wp","href":"https:\/\/api.w.org\/{rel}","templated":true}]}}